{"id":290,"date":"2020-06-07T13:39:44","date_gmt":"2020-06-07T11:39:44","guid":{"rendered":"https:\/\/sesam-natura.ch\/?page_id=290"},"modified":"2020-10-23T20:06:31","modified_gmt":"2020-10-23T18:06:31","slug":"impressum","status":"publish","type":"page","link":"https:\/\/sesam-natura.ch\/index.php\/impressum\/","title":{"rendered":"Impressum"},"content":{"rendered":"<p>[et_pb_section fb_built=&#187;1&#8243; fullwidth=&#187;on&#187; _builder_version=&#187;3.22&#8243; animation_style=&#187;slide&#187; animation_direction=&#187;top&#187; animation_intensity_slide=&#187;2%&#187; animation_starting_opacity=&#187;100%&#187;][et_pb_fullwidth_header title=&#187;Impressum&#187; content_max_width=&#187;800px&#187; _builder_version=&#187;3.16&#8243; title_level=&#187;h2&#8243; title_font=&#187;Lato||||||||&#187; title_font_size=&#187;60px&#187; title_line_height=&#187;1.2em&#187; content_font=&#187;||||||||&#187; content_line_height=&#187;1.8em&#187; background_color=&#187;rgba(255, 255, 255, 0)&#187; use_background_color_gradient=&#187;on&#187; background_color_gradient_start=&#187;rgba(0,0,0,0.75)&#187; background_color_gradient_end=&#187;rgba(0,0,0,0)&#187; background_color_gradient_direction=&#187;90deg&#187; background_color_gradient_overlays_image=&#187;on&#187; background_image=&#187;https:\/\/sesam-natura.ch\/wp-content\/uploads\/2020\/06\/food_produce-10.jpg&#187; custom_button_one=&#187;on&#187; button_one_text_size=&#187;18px&#187; button_one_bg_color=&#187;#02d002&#8243; button_one_border_width=&#187;8px&#187; button_one_border_color=&#187;#02d002&#8243; button_one_border_radius=&#187;0px&#187; button_one_letter_spacing=&#187;1px&#187; button_one_font=&#187;Lato|700|||||||&#187; button_one_use_icon=&#187;off&#187; custom_button_two=&#187;on&#187; button_two_text_size=&#187;18px&#187; button_two_text_color=&#187;#353740&#8243; button_two_bg_color=&#187;#ffffff&#187; button_two_border_width=&#187;8px&#187; button_two_border_color=&#187;#ffffff&#187; button_two_border_radius=&#187;0px&#187; button_two_letter_spacing=&#187;1px&#187; button_two_font=&#187;Lato|700|||||||&#187; button_two_use_icon=&#187;off&#187; custom_margin=&#187;|||&#187; custom_padding=&#187;8%||8%|&#187; button_one_letter_spacing_hover=&#187;1px&#187; button_two_letter_spacing_hover=&#187;1px&#187; locked=&#187;off&#187; button_one_text_size__hover_enabled=&#187;off&#187; button_two_text_size__hover_enabled=&#187;off&#187; button_one_text_color__hover_enabled=&#187;off&#187; button_two_text_color__hover_enabled=&#187;off&#187; button_one_border_width__hover_enabled=&#187;off&#187; button_two_border_width__hover_enabled=&#187;off&#187; button_one_border_color__hover_enabled=&#187;off&#187; button_two_border_color__hover_enabled=&#187;off&#187; button_one_border_radius__hover_enabled=&#187;off&#187; button_two_border_radius__hover_enabled=&#187;off&#187; button_one_letter_spacing__hover_enabled=&#187;on&#187; button_one_letter_spacing__hover=&#187;1px&#187; button_two_letter_spacing__hover_enabled=&#187;on&#187; button_two_letter_spacing__hover=&#187;1px&#187; button_one_bg_color__hover_enabled=&#187;off&#187; button_two_bg_color__hover_enabled=&#187;off&#187;][\/et_pb_fullwidth_header][\/et_pb_section][et_pb_section fb_built=&#187;1&#8243; admin_label=&#187;Our Story Section&#187; _builder_version=&#187;3.22&#8243; custom_padding=&#187;100px||100px|&#187;][et_pb_row _builder_version=&#187;4.4.8&#8243;][et_pb_column _builder_version=&#187;4.4.8&#8243; type=&#187;4_4&#8243;][et_pb_text _builder_version=&#187;4.4.8&#8243; hover_enabled=&#187;0&#8243;]<\/p>\n<p><strong>Kontakt-Adresse<\/strong><\/p>\n<p>Sesam -Natura Bio- Fachgesch\u00e4ft<br \/> Erika Gebendinger<br \/> Bahnhofstrasse 99<br \/> 8620 Wetzikon<br \/> Schweiz<\/p>\n<p>E-Mail:<br \/> &#x69;&#x6e;&#x66;&#x6f;&#64;&#115;&#101;sa&#x6d;&#x2d;&#x6e;&#x61;&#x74;&#117;&#114;&#97;&#46;c&#x68;<\/p>\n<p>&nbsp;<\/p>\n<p><strong>Vertretungsberechtigte Person(en)<\/strong><\/p>\n<p>Gebendinger Erika, Inhaberin\u00a0<\/p>\n<p><strong>Handelsregister-Eintrag<\/strong><\/p>\n<p>Eingetragener Firmenname: Sesam -Natura Bio- Fachgesch\u00e4ftHandelsregister Nr: CHE-104.421.281<\/p>\n<p>&nbsp;<\/p>\n<p><strong>Mehrwertsteuer-Nummer<\/strong><br \/> CHE-104.421.281 MWST\u00a0<\/p>\n<p><strong>Haftungsausschluss<\/strong><\/p>\n<p>Der Autor \u00fcbernimmt keinerlei Gew\u00e4hr hinsichtlich der inhaltlichen Richtigkeit, Genauigkeit, Aktualit\u00e4t, Zuverl\u00e4ssigkeit und Vollst\u00e4ndigkeit der Informationen.<\/p>\n<p>Haftungsanspr\u00fcche gegen den Autor wegen Sch\u00e4den materieller oder immaterieller Art, welche aus dem Zugriff oder der Nutzung bzw. Nichtnutzung der ver\u00f6ffentlichten Informationen, durch Missbrauch der Verbindung oder durch technische St\u00f6rungen entstanden sind, werden ausgeschlossen.<\/p>\n<p>Alle Angebote sind unverbindlich. Der Autor beh\u00e4lt es sich ausdr\u00fccklich vor, Teile der Seiten oder das gesamte Angebot ohne besondere Ank\u00fcndigung zu ver\u00e4ndern, zu erg\u00e4nzen, zu l\u00f6schen oder die Ver\u00f6ffentlichung zeitweise oder endg\u00fcltig einzustellen.<\/p>\n<p>&nbsp;<\/p>\n<p><strong>Haftungsausschluss f\u00fcr Links<\/strong><\/p>\n<p>Verweise und Links auf Webseiten Dritter liegen ausserhalb unseres Verantwortungsbereichs. Es wird jegliche Verantwortung f\u00fcr solche Webseiten abgelehnt. Der Zugriff und die Nutzung solcher Webseiten erfolgen auf eigene Gefahr des jeweiligen Nutzers.<\/p>\n<p>&nbsp;<\/p>\n<p><strong>Urheberrechte<\/strong><\/p>\n<p>Die Urheber- und alle anderen Rechte an Inhalten, Bildern, Fotos oder anderen Dateien auf dieser Website, geh\u00f6ren ausschliesslich <strong>Erika Gebendinger<\/strong> oder den speziell genannten Rechteinhabern. F\u00fcr die Reproduktion jeglicher Elemente ist die schriftliche Zustimmung des Urheberrechtstr\u00e4gers im Voraus einzuholen.<\/p>\n<p>&nbsp;<\/p>\n<p><!--ACHTUNG: Wenn Sie die Quelle ohne Erlaubnis von SwissAnwalt entfernen, dann begehen Sie eine Urheberrechtsverletzung welche in jedem Fall geahndet wird.--><br \/> Quelle: <a href=\"https:\/\/www.swissanwalt.ch\" target=\"_blank\" rel=\"noopener noreferrer\">SwissAnwalt<\/a><!--Bitte beachten Sie die AGB von SwissAnwalt betreffend allf&auml;llig anfallenden Kosten bei Weglassen der Quelle!--><\/p>\n<p>[\/et_pb_text][\/et_pb_column][\/et_pb_row][\/et_pb_section]<\/p>\n","protected":false},"excerpt":{"rendered":"<p>Kontakt-Adresse Sesam -Natura Bio- Fachgesch\u00e4ft Erika Gebendinger Bahnhofstrasse 99 8620 Wetzikon Schweiz E-Mail: &#x69;&#110;f&#x6f;&#64;s&#x65;&#115;a&#x6d;&#45;n&#x61;&#116;u&#x72;&#97;&#46;&#x63;&#104; &nbsp; Vertretungsberechtigte Person(en) Gebendinger Erika, Inhaberin\u00a0 Handelsregister-Eintrag Eingetragener Firmenname: Sesam -Natura Bio- Fachgesch\u00e4ftHandelsregister Nr: CHE-104.421.281 &nbsp; Mehrwertsteuer-Nummer CHE-104.421.281 MWST\u00a0 Haftungsausschluss Der Autor \u00fcbernimmt keinerlei Gew\u00e4hr hinsichtlich der inhaltlichen Richtigkeit, Genauigkeit, Aktualit\u00e4t, Zuverl\u00e4ssigkeit und Vollst\u00e4ndigkeit der Informationen. Haftungsanspr\u00fcche gegen den Autor wegen [&hellip;]<\/p>\n","protected":false},"author":2,"featured_media":0,"parent":0,"menu_order":0,"comment_status":"closed","ping_status":"closed","template":"","meta":{"_et_pb_use_builder":"on","_et_pb_old_content":"","_et_gb_content_width":"","footnotes":""},"class_list":["post-290","page","type-page","status-publish","hentry"],"_links":{"self":[{"href":"https:\/\/sesam-natura.ch\/index.php\/wp-json\/wp\/v2\/pages\/290","targetHints":{"allow":["GET"]}}],"collection":[{"href":"https:\/\/sesam-natura.ch\/index.php\/wp-json\/wp\/v2\/pages"}],"about":[{"href":"https:\/\/sesam-natura.ch\/index.php\/wp-json\/wp\/v2\/types\/page"}],"author":[{"embeddable":true,"href":"https:\/\/sesam-natura.ch\/index.php\/wp-json\/wp\/v2\/users\/2"}],"replies":[{"embeddable":true,"href":"https:\/\/sesam-natura.ch\/index.php\/wp-json\/wp\/v2\/comments?post=290"}],"version-history":[{"count":3,"href":"https:\/\/sesam-natura.ch\/index.php\/wp-json\/wp\/v2\/pages\/290\/revisions"}],"predecessor-version":[{"id":304,"href":"https:\/\/sesam-natura.ch\/index.php\/wp-json\/wp\/v2\/pages\/290\/revisions\/304"}],"wp:attachment":[{"href":"https:\/\/sesam-natura.ch\/index.php\/wp-json\/wp\/v2\/media?parent=290"}],"curies":[{"name":"wp","href":"https:\/\/api.w.org\/{rel}","templated":true}]}}